{"id":36843,"date":"2025-07-17T17:00:29","date_gmt":"2025-07-17T15:00:29","guid":{"rendered":"https:\/\/donnaoro.com\/product\/degrade-vision-ring\/"},"modified":"2025-07-17T17:00:29","modified_gmt":"2025-07-17T15:00:29","slug":"degrade-vision-ring","status":"publish","type":"product","link":"https:\/\/donnaoro.com\/en\/product\/degrade-vision-ring\/","title":{"rendered":"Degrad\u00e9 Vision Ring"},"content":{"rendered":"<p>Be enchanted by the magic of diamonds. Our diamond ring collection is designed to celebrate every emotion, every memory and every dream. Choose a piece of jewelry that speaks to your heart and shines forever.  <\/p>\n","protected":false},"excerpt":{"rendered":"<p>Rivi\u00e8in Degrad\u00e9 Visione ring in 18 kt white gold with brilliant-cut diamonds. <strong>Available in different carats<\/strong>.<\/p>\n","protected":false},"featured_media":22894,"comment_status":"closed","ping_status":"closed","template":"","meta":{"_acf_changed":false},"product_brand":[],"product_cat":[1470,991,1535,1538,1406,1454,1428,736],"product_tag":[1586],"class_list":{"0":"post-36843","1":"product","2":"type-product","3":"status-publish","4":"has-post-thumbnail","6":"product_cat-anniversary","7":"product_cat-classic-jewelry","8":"product_cat-diamonds","9":"product_cat-engagement","10":"product_cat-gift-ideas","11":"product_cat-gifts-for-every-occasion","12":"product_cat-ring-with-diamond","13":"product_cat-rings","14":"product_tag-vision","15":"pa_materiale-white-gold-18kt","16":"pa_pietre-diamond","17":"pa_ricorrenze-anniversary","18":"pa_stile-intramontabile-en","20":"first","21":"instock","22":"shipping-taxable","23":"purchasable","24":"product-type-simple"},"acf":[],"yoast_head":"<!-- This site is optimized with the Yoast SEO plugin v27.1.1 - https:\/\/yoast.com\/product\/yoast-seo-wordpress\/ -->\n<title>Degrad\u00e9 Vision Ring - DonnaOro<\/title>\n<meta name=\"robots\" content=\"index, follow, max-snippet:-1, max-image-preview:large, max-video-preview:-1\" \/>\n<link rel=\"canonical\" href=\"https:\/\/donnaoro.com\/en\/product\/degrade-vision-ring\/\" \/>\n<meta property=\"og:locale\" content=\"en_US\" \/>\n<meta property=\"og:type\" content=\"article\" \/>\n<meta property=\"og:title\" content=\"Degrad\u00e9 Vision Ring - DonnaOro\" \/>\n<meta property=\"og:description\" content=\"Rivi\u00e8in Degrad\u00e9 Visione ring in 18 kt white gold with brilliant-cut diamonds. Available in different carats.\" \/>\n<meta property=\"og:url\" content=\"https:\/\/donnaoro.com\/en\/product\/degrade-vision-ring\/\" \/>\n<meta property=\"og:site_name\" content=\"DonnaOro\" \/>\n<meta property=\"og:image\" content=\"https:\/\/donnaoro.com\/wp-content\/uploads\/2025\/06\/Anello_Degrade_Visione.jpg\" \/>\n\t<meta property=\"og:image:width\" content=\"1181\" \/>\n\t<meta property=\"og:image:height\" content=\"1181\" \/>\n\t<meta property=\"og:image:type\" content=\"image\/jpeg\" \/>\n<meta name=\"twitter:card\" content=\"summary_large_image\" \/>\n<script type=\"application\/ld+json\" class=\"yoast-schema-graph\">{\"@context\":\"https:\/\/schema.org\",\"@graph\":[{\"@type\":\"WebPage\",\"@id\":\"https:\/\/donnaoro.com\/en\/product\/degrade-vision-ring\/\",\"url\":\"https:\/\/donnaoro.com\/en\/product\/degrade-vision-ring\/\",\"name\":\"Degrad\u00e9 Vision Ring - DonnaOro\",\"isPartOf\":{\"@id\":\"https:\/\/donnaoro.com\/#website\"},\"primaryImageOfPage\":{\"@id\":\"https:\/\/donnaoro.com\/en\/product\/degrade-vision-ring\/#primaryimage\"},\"image\":{\"@id\":\"https:\/\/donnaoro.com\/en\/product\/degrade-vision-ring\/#primaryimage\"},\"thumbnailUrl\":\"https:\/\/donnaoro.com\/wp-content\/uploads\/2025\/06\/Anello_Degrade_Visione.jpg\",\"datePublished\":\"2025-07-17T15:00:29+00:00\",\"breadcrumb\":{\"@id\":\"https:\/\/donnaoro.com\/en\/product\/degrade-vision-ring\/#breadcrumb\"},\"inLanguage\":\"en-US\",\"potentialAction\":[{\"@type\":\"ReadAction\",\"target\":[\"https:\/\/donnaoro.com\/en\/product\/degrade-vision-ring\/\"]}]},{\"@type\":\"ImageObject\",\"inLanguage\":\"en-US\",\"@id\":\"https:\/\/donnaoro.com\/en\/product\/degrade-vision-ring\/#primaryimage\",\"url\":\"https:\/\/donnaoro.com\/wp-content\/uploads\/2025\/06\/Anello_Degrade_Visione.jpg\",\"contentUrl\":\"https:\/\/donnaoro.com\/wp-content\/uploads\/2025\/06\/Anello_Degrade_Visione.jpg\",\"width\":1181,\"height\":1181},{\"@type\":\"BreadcrumbList\",\"@id\":\"https:\/\/donnaoro.com\/en\/product\/degrade-vision-ring\/#breadcrumb\",\"itemListElement\":[{\"@type\":\"ListItem\",\"position\":1,\"name\":\"Home\",\"item\":\"https:\/\/donnaoro.com\/en\/home\/\"},{\"@type\":\"ListItem\",\"position\":2,\"name\":\"Products\",\"item\":\"https:\/\/donnaoro.com\/negozio\/\"},{\"@type\":\"ListItem\",\"position\":3,\"name\":\"Degrad\u00e9 Vision Ring\"}]},{\"@type\":\"WebSite\",\"@id\":\"https:\/\/donnaoro.com\/#website\",\"url\":\"https:\/\/donnaoro.com\/\",\"name\":\"DonnaOro\",\"description\":\"Ogni donna \u00e8 oro\",\"publisher\":{\"@id\":\"https:\/\/donnaoro.com\/#organization\"},\"potentialAction\":[{\"@type\":\"SearchAction\",\"target\":{\"@type\":\"EntryPoint\",\"urlTemplate\":\"https:\/\/donnaoro.com\/?s={search_term_string}\"},\"query-input\":{\"@type\":\"PropertyValueSpecification\",\"valueRequired\":true,\"valueName\":\"search_term_string\"}}],\"inLanguage\":\"en-US\"},{\"@type\":\"Organization\",\"@id\":\"https:\/\/donnaoro.com\/#organization\",\"name\":\"DonnaOro\",\"url\":\"https:\/\/donnaoro.com\/\",\"logo\":{\"@type\":\"ImageObject\",\"inLanguage\":\"en-US\",\"@id\":\"https:\/\/donnaoro.com\/#\/schema\/logo\/image\/\",\"url\":\"https:\/\/donnaoro.com\/wp-content\/uploads\/2025\/02\/Logo_donnaoro.png\",\"contentUrl\":\"https:\/\/donnaoro.com\/wp-content\/uploads\/2025\/02\/Logo_donnaoro.png\",\"width\":384,\"height\":66,\"caption\":\"DonnaOro\"},\"image\":{\"@id\":\"https:\/\/donnaoro.com\/#\/schema\/logo\/image\/\"}}]}<\/script>\n<!-- \/ Yoast SEO plugin. -->","yoast_head_json":{"title":"Degrad\u00e9 Vision Ring - DonnaOro","robots":{"index":"index","follow":"follow","max-snippet":"max-snippet:-1","max-image-preview":"max-image-preview:large","max-video-preview":"max-video-preview:-1"},"canonical":"https:\/\/donnaoro.com\/en\/product\/degrade-vision-ring\/","og_locale":"en_US","og_type":"article","og_title":"Degrad\u00e9 Vision Ring - DonnaOro","og_description":"Rivi\u00e8in Degrad\u00e9 Visione ring in 18 kt white gold with brilliant-cut diamonds. Available in different carats.","og_url":"https:\/\/donnaoro.com\/en\/product\/degrade-vision-ring\/","og_site_name":"DonnaOro","og_image":[{"width":1181,"height":1181,"url":"https:\/\/donnaoro.com\/wp-content\/uploads\/2025\/06\/Anello_Degrade_Visione.jpg","type":"image\/jpeg"}],"twitter_card":"summary_large_image","schema":{"@context":"https:\/\/schema.org","@graph":[{"@type":"WebPage","@id":"https:\/\/donnaoro.com\/en\/product\/degrade-vision-ring\/","url":"https:\/\/donnaoro.com\/en\/product\/degrade-vision-ring\/","name":"Degrad\u00e9 Vision Ring - DonnaOro","isPartOf":{"@id":"https:\/\/donnaoro.com\/#website"},"primaryImageOfPage":{"@id":"https:\/\/donnaoro.com\/en\/product\/degrade-vision-ring\/#primaryimage"},"image":{"@id":"https:\/\/donnaoro.com\/en\/product\/degrade-vision-ring\/#primaryimage"},"thumbnailUrl":"https:\/\/donnaoro.com\/wp-content\/uploads\/2025\/06\/Anello_Degrade_Visione.jpg","datePublished":"2025-07-17T15:00:29+00:00","breadcrumb":{"@id":"https:\/\/donnaoro.com\/en\/product\/degrade-vision-ring\/#breadcrumb"},"inLanguage":"en-US","potentialAction":[{"@type":"ReadAction","target":["https:\/\/donnaoro.com\/en\/product\/degrade-vision-ring\/"]}]},{"@type":"ImageObject","inLanguage":"en-US","@id":"https:\/\/donnaoro.com\/en\/product\/degrade-vision-ring\/#primaryimage","url":"https:\/\/donnaoro.com\/wp-content\/uploads\/2025\/06\/Anello_Degrade_Visione.jpg","contentUrl":"https:\/\/donnaoro.com\/wp-content\/uploads\/2025\/06\/Anello_Degrade_Visione.jpg","width":1181,"height":1181},{"@type":"BreadcrumbList","@id":"https:\/\/donnaoro.com\/en\/product\/degrade-vision-ring\/#breadcrumb","itemListElement":[{"@type":"ListItem","position":1,"name":"Home","item":"https:\/\/donnaoro.com\/en\/home\/"},{"@type":"ListItem","position":2,"name":"Products","item":"https:\/\/donnaoro.com\/negozio\/"},{"@type":"ListItem","position":3,"name":"Degrad\u00e9 Vision Ring"}]},{"@type":"WebSite","@id":"https:\/\/donnaoro.com\/#website","url":"https:\/\/donnaoro.com\/","name":"DonnaOro","description":"Ogni donna \u00e8 oro","publisher":{"@id":"https:\/\/donnaoro.com\/#organization"},"potentialAction":[{"@type":"SearchAction","target":{"@type":"EntryPoint","urlTemplate":"https:\/\/donnaoro.com\/?s={search_term_string}"},"query-input":{"@type":"PropertyValueSpecification","valueRequired":true,"valueName":"search_term_string"}}],"inLanguage":"en-US"},{"@type":"Organization","@id":"https:\/\/donnaoro.com\/#organization","name":"DonnaOro","url":"https:\/\/donnaoro.com\/","logo":{"@type":"ImageObject","inLanguage":"en-US","@id":"https:\/\/donnaoro.com\/#\/schema\/logo\/image\/","url":"https:\/\/donnaoro.com\/wp-content\/uploads\/2025\/02\/Logo_donnaoro.png","contentUrl":"https:\/\/donnaoro.com\/wp-content\/uploads\/2025\/02\/Logo_donnaoro.png","width":384,"height":66,"caption":"DonnaOro"},"image":{"@id":"https:\/\/donnaoro.com\/#\/schema\/logo\/image\/"}}]}},"_links":{"self":[{"href":"https:\/\/donnaoro.com\/en\/wp-json\/wp\/v2\/product\/36843","targetHints":{"allow":["GET"]}}],"collection":[{"href":"https:\/\/donnaoro.com\/en\/wp-json\/wp\/v2\/product"}],"about":[{"href":"https:\/\/donnaoro.com\/en\/wp-json\/wp\/v2\/types\/product"}],"replies":[{"embeddable":true,"href":"https:\/\/donnaoro.com\/en\/wp-json\/wp\/v2\/comments?post=36843"}],"version-history":[{"count":0,"href":"https:\/\/donnaoro.com\/en\/wp-json\/wp\/v2\/product\/36843\/revisions"}],"wp:featuredmedia":[{"embeddable":true,"href":"https:\/\/donnaoro.com\/en\/wp-json\/wp\/v2\/media\/22894"}],"wp:attachment":[{"href":"https:\/\/donnaoro.com\/en\/wp-json\/wp\/v2\/media?parent=36843"}],"wp:term":[{"taxonomy":"product_brand","embeddable":true,"href":"https:\/\/donnaoro.com\/en\/wp-json\/wp\/v2\/product_brand?post=36843"},{"taxonomy":"product_cat","embeddable":true,"href":"https:\/\/donnaoro.com\/en\/wp-json\/wp\/v2\/product_cat?post=36843"},{"taxonomy":"product_tag","embeddable":true,"href":"https:\/\/donnaoro.com\/en\/wp-json\/wp\/v2\/product_tag?post=36843"}],"curies":[{"name":"wp","href":"https:\/\/api.w.org\/{rel}","templated":true}]}}